{"id":290,"date":"2024-02-19T23:52:03","date_gmt":"2024-02-19T23:52:03","guid":{"rendered":"https:\/\/www.weritas.se\/?page_id=290"},"modified":"2024-12-10T17:22:58","modified_gmt":"2024-12-10T17:22:58","slug":"obestand","status":"publish","type":"page","link":"https:\/\/www.weritas.se\/?page_id=290","title":{"rendered":"Obest\u00e5nd"},"content":{"rendered":"<div id=\"tdi_1\" class=\"tdc-zone\"><div class=\"tdc_zone tdi_2  wpb_row td-pb-row\"  >\n<style scoped>\n\/* custom css - generated by TagDiv Composer *\/\n\n\/* custom css - generated by TagDiv Composer *\/\n.tdi_2{\r\n                    min-height: 0;\r\n                }\n<\/style><div id=\"tdi_3\" class=\"tdc-row stretch_row_1200 td-stretch-content\"><div class=\"vc_row tdi_4  wpb_row td-pb-row\" >\n<style scoped>\n\/* custom css - generated by TagDiv Composer *\/\n\n\/* custom css - generated by TagDiv Composer *\/\n.tdi_4,\r\n                .tdi_4 .tdc-columns{\r\n                    min-height: 0;\r\n                }.tdi_4,\r\n\t\t\t\t.tdi_4 .tdc-columns{\r\n\t\t\t\t    display: block;\r\n\t\t\t\t}.tdi_4 .tdc-columns{\r\n\t\t\t\t    width: 100%;\r\n\t\t\t\t}.tdi_4:before,\r\n\t\t\t\t.tdi_4:after{\r\n\t\t\t\t    display: table;\r\n\t\t\t\t}\n<\/style><div class=\"vc_column tdi_6  wpb_column vc_column_container tdc-column td-pb-span12\">\n<style scoped>\n\/* custom css - generated by TagDiv Composer *\/\n\n\/* custom css - generated by TagDiv Composer *\/\n.tdi_6{\r\n                    vertical-align: baseline;\r\n                }.tdi_6 > .wpb_wrapper,\r\n\t\t\t\t.tdi_6 > .wpb_wrapper > .tdc-elements{\r\n\t\t\t\t    display: block;\r\n\t\t\t\t}.tdi_6 > .wpb_wrapper > .tdc-elements{\r\n\t\t\t\t    width: 100%;\r\n\t\t\t\t}.tdi_6 > .wpb_wrapper > .vc_row_inner{\r\n\t\t\t\t    width: auto;\r\n\t\t\t\t}.tdi_6 > .wpb_wrapper{\r\n\t\t\t\t    width: auto;\r\n\t\t\t\t    height: auto;\r\n\t\t\t\t}\n<\/style><div class=\"wpb_wrapper\" ><div class=\"wpb_wrapper td_block_empty_space td_block_wrap vc_empty_space tdi_8 \"  style=\"height: 60px\"><\/div><div class=\"tdm_block td_block_wrap tdm_block_text_image tdi_9 td-animation-stack tdm-layout-12-12 tdm-content-horiz-left tdm-content-vert-center td-pb-border-top td_block_template_5\"  data-td-block-uid=\"tdi_9\" >\n<style>\n\/* custom css - generated by TagDiv Composer *\/\n.tdm_block_text_image .tdm-text-wrap{\r\n                  padding-top: 20px;\r\n                  padding-bottom: 20px;\r\n                }.tdm_block_text_image .tdm-descr{\r\n                  margin-bottom: 0;\r\n                }.tdm_block_text_image .tds-button{\r\n                  margin-top: 30px;\r\n                }@media (min-width: 767px) {\r\n                  .tdm_block_text_image.tdm-text-image-extend-img {\r\n                    margin-right: calc((-100vw + 100%) \/ 2);\r\n                  }\r\n                  .tdm_block_text_image.tdm-text-image-extend-img.tdm-flip-yes {\r\n                    margin-right: 0;\r\n                    margin-left: calc((-100vw + 100%) \/ 2);\r\n                  }\r\n                  .tdm_block_text_image.tdm-text-image-extend-img.tdm-flip-yes .tdm-col-img {\r\n                    text-align: right;\r\n                  }\r\n                }@media (max-width: 767px) {\r\n                  .tdm_block_text_image .tdm-col-img {\r\n                    margin-top: 36px;\r\n                  }\r\n                  .tdm_block_text_image.tdm-flip-yes .tdm-col-img {\r\n                    margin-top: 0;\r\n                    margin-bottom: 15px;\r\n                  }\r\n                }\n<\/style><div class=\"td-block-width tdm-fix-full\"><div class=\"td-block-row tdm-row\"><div class=\"td-block-span6 tdm-col\"><div class=\"tdm-text-wrap tdm-text-padding\"><div class=\"tds-title tds-title1 td-fix-index tdi_10 \"><h3 class=\"tdm-title tdm-title-md\">Obest\u00e5nd<\/h3><\/div><p class=\"tdm-descr td-fix-index\">Att vara p\u00e5 obest\u00e5nd betyder att f\u00f6retaget inte kan betala sina\nskulder i tid och att betalningsproblemen \u00e4r best\u00e5ende. I en\ns\u00e5dan\nsituation \u00e4r det viktigt att agera snabbt, flexibelt och inte\nv\u00e4nta\nf\u00f6r l\u00e4nge. Det \u00e4r d\u00e4r vi kommer in med v\u00e5r erfarenhet. <br>\n<br>\nVi handl\u00e4gger alla \u00e4renden snabbt och konfidentiellt.\nAllt b\u00f6rjar med en kostnadsfri analys och f\u00f6rslag till strategi.\nVi\nletar efter eventuella k\u00f6pare som \u00e4r intresserade av denna typ\nav\nbolag och uppr\u00e4ttar samtliga handlingar till Bolagsverket. I\nsamband\nmed aff\u00e4ren ordnar med anst\u00e5nd eller hj\u00e4lper till med en\nf\u00f6retagsrekonstuktion.\nAllt b\u00f6rjar med ett konsulterande m\u00f6te f\u00f6r att ta fram en\nbehovsanalys.\n<br><br>Vi erbjuder alltid 30 minuters fri konsultation!\nKonkurs\nVid konkurs utses en konkursf\u00f6rvaltare.\nKonkursf\u00f6rvaltaren kan i m\u00e5nga fall agera v\u00e4ldigt h\u00e5rt mot den\nsom\nf\u00f6rsatts i konkurs.\nL\u00e5t oss konsultera Dig som f\u00f6rsatts i konkurs och se till att\nDina\nr\u00e4ttigheter bevakas!\nAllt b\u00f6rjar med ett konsulterande m\u00f6te f\u00f6r att ta fram en\nbehovsanalys.\nVi erbjuder alltid 30 minuters fri konsultation!\n<\/p>\n<style>\n\/* custom css - generated by TagDiv Composer *\/\n.tdi_11 .tdm-btn-icon:last-child{\r\n\t\t\t\t\tmargin-left: 14px;\r\n\t\t\t\t}\n<\/style><div class=\"tds-button td-fix-index\"><a \r\n                href=\"https:\/\/www.weritas.se\/?page_id=49\" \r\n                 title=\"Kontakta oss \"\r\n                class=\"tds-button1 tdm-btn tdm-btn-lg tdi_11 \" ><span class=\"tdm-btn-text\">Kontakta oss <\/span><i class=\"tdm-btn-icon tdc-font-fa tdc-font-fa-chevron-right\"><\/i><\/a><\/div><\/div><\/div><div class=\"td-block-span6 tdm-col tdm-col-img\"><img class=\"tdm-image td-fix-index td-lazy-img\" data-type=\"image_tag\" data-img-url=\"https:\/\/www.weritas.se\/wp-content\/uploads\/2024\/12\/UNADJUSTEDNONRAW_thumb_1dc.jpg\"  title=\"UNADJUSTEDNONRAW_thumb_1dc\" width=\"1260\" height=\"482\"><\/div><\/div><\/div><\/div><\/div><\/div><\/div><\/div><div id=\"tdi_12\" class=\"tdc-row\"><div class=\"vc_row tdi_13  wpb_row td-pb-row\" >\n<style scoped>\n\/* custom css - generated by TagDiv Composer *\/\n\n\/* custom css - generated by TagDiv Composer *\/\n.tdi_13,\r\n                .tdi_13 .tdc-columns{\r\n                    min-height: 0;\r\n                }.tdi_13,\r\n\t\t\t\t.tdi_13 .tdc-columns{\r\n\t\t\t\t    display: block;\r\n\t\t\t\t}.tdi_13 .tdc-columns{\r\n\t\t\t\t    width: 100%;\r\n\t\t\t\t}.tdi_13:before,\r\n\t\t\t\t.tdi_13:after{\r\n\t\t\t\t    display: table;\r\n\t\t\t\t}\n\/* inline tdc_css att - generated by TagDiv Composer *\/\n\n.tdi_13{\nmargin-top:90px !important;\nmargin-bottom:60px !important;\n}\n\n.tdi_13 .td_block_wrap{ text-align:left }\n\n\/* landscape *\/\n@media (min-width: 1019px) and (max-width: 1140px)\n{\n.tdi_13{\nmargin-top:50px !important;\n}\n}\n\n\/* portrait *\/\n@media (min-width: 768px) and (max-width: 1018px)\n{\n.tdi_13{\nmargin-top:50px !important;\n}\n}\n\n\/* phone *\/\n@media (max-width: 767px)\n{\n.tdi_13{\nmargin-top:50px !important;\n}\n}\n\n<\/style><div class=\"vc_column tdi_15  wpb_column vc_column_container tdc-column td-pb-span12\">\n<style scoped>\n\/* custom css - generated by TagDiv Composer *\/\n\n\/* custom css - generated by TagDiv Composer *\/\n.tdi_15{\r\n                    vertical-align: baseline;\r\n                }.tdi_15 > .wpb_wrapper,\r\n\t\t\t\t.tdi_15 > .wpb_wrapper > .tdc-elements{\r\n\t\t\t\t    display: block;\r\n\t\t\t\t}.tdi_15 > .wpb_wrapper > .tdc-elements{\r\n\t\t\t\t    width: 100%;\r\n\t\t\t\t}.tdi_15 > .wpb_wrapper > .vc_row_inner{\r\n\t\t\t\t    width: auto;\r\n\t\t\t\t}.tdi_15 > .wpb_wrapper{\r\n\t\t\t\t    width: auto;\r\n\t\t\t\t    height: auto;\r\n\t\t\t\t}\n<\/style><div class=\"wpb_wrapper\" ><div class=\"tdm_block td_block_wrap tdm_block_column_title tdi_16 tdm-content-horiz-left td-pb-border-top td_block_template_5\"  data-td-block-uid=\"tdi_16\" >\n<style>\n\n\/* inline tdc_css att - generated by TagDiv Composer *\/\n\n.tdi_16{\nmargin-right:15% !important;\nmargin-bottom:40px !important;\nmargin-left:15% !important;\npadding-bottom:8px !important;\npadding-left:80px !important;\nborder-color:#f2f2f2 !important;\nwidth:auto !important;\nborder-style:solid !important;\nborder-width: 0px 0px 0px 1px !important;\n}\n\n\/* landscape *\/\n@media (min-width: 1019px) and (max-width: 1140px)\n{\n.tdi_16{\nmargin-right:8% !important;\nmargin-bottom:10px !important;\nmargin-left:8% !important;\npadding-left:60px !important;\n}\n}\n\n\/* portrait *\/\n@media (min-width: 768px) and (max-width: 1018px)\n{\n.tdi_16{\nmargin-right:8% !important;\nmargin-bottom:0px !important;\nmargin-left:8% !important;\npadding-left:40px !important;\n}\n}\n\n\/* phone *\/\n@media (max-width: 767px)\n{\n.tdi_16{\nmargin-right:0px !important;\nmargin-bottom:0px !important;\nmargin-left:0px !important;\npadding-left:40px !important;\n}\n}\n\n<\/style>\n<style>\n\/* custom css - generated by TagDiv Composer *\/\n.tdm_block_column_title{\r\n                  margin-bottom: 0;\r\n                  display: inline-block;\r\n                  width: 100%;\r\n                }\n<\/style><div class=\"td-block-row\"><div class=\"td-block-span12 tdm-col\">\n<style>\n\/* custom css - generated by TagDiv Composer *\/\nbody .tdi_17 .tdm-title{\r\n\t\t\t\t\tcolor: #aaaaaa;\r\n\t\t\t\t}.tdi_17 .tdm-title{\r\n\t\t\t\t\tfont-family:Roboto !important;font-size:17px !important;line-height:30px !important;font-weight:400 !important;\r\n\t\t\t\t}\n\n\/* portrait *\/\n@media (min-width: 768px) and (max-width: 1018px){\n.tdi_17 .tdm-title{\r\n\t\t\t\t\tfont-size:15px !important;line-height:24px !important;\r\n\t\t\t\t}\n}\n\n\/* phone *\/\n@media (max-width: 767px){\n.tdi_17 .tdm-title{\r\n\t\t\t\t\tfont-size:14px !important;line-height:24px !important;\r\n\t\t\t\t}\n}\n<\/style><div class=\"tds-title tds-title1 td-fix-index tdi_17 \"><h4 class=\"tdm-title tdm-title-sm\"><\/h4><\/div><\/div><\/div><\/div><\/div><\/div><\/div><\/div><\/div><\/div>","protected":false},"excerpt":{"rendered":"","protected":false},"author":1,"featured_media":0,"parent":0,"menu_order":0,"comment_status":"closed","ping_status":"closed","template":"","meta":{"footnotes":""},"class_list":["post-290","page","type-page","status-publish"],"_links":{"self":[{"href":"https:\/\/www.weritas.se\/index.php?rest_route=\/wp\/v2\/pages\/290","targetHints":{"allow":["GET"]}}],"collection":[{"href":"https:\/\/www.weritas.se\/index.php?rest_route=\/wp\/v2\/pages"}],"about":[{"href":"https:\/\/www.weritas.se\/index.php?rest_route=\/wp\/v2\/types\/page"}],"author":[{"embeddable":true,"href":"https:\/\/www.weritas.se\/index.php?rest_route=\/wp\/v2\/users\/1"}],"replies":[{"embeddable":true,"href":"https:\/\/www.weritas.se\/index.php?rest_route=%2Fwp%2Fv2%2Fcomments&post=290"}],"version-history":[{"count":7,"href":"https:\/\/www.weritas.se\/index.php?rest_route=\/wp\/v2\/pages\/290\/revisions"}],"predecessor-version":[{"id":496,"href":"https:\/\/www.weritas.se\/index.php?rest_route=\/wp\/v2\/pages\/290\/revisions\/496"}],"wp:attachment":[{"href":"https:\/\/www.weritas.se\/index.php?rest_route=%2Fwp%2Fv2%2Fmedia&parent=290"}],"curies":[{"name":"wp","href":"https:\/\/api.w.org\/{rel}","templated":true}]}}