{"id":315,"date":"2024-02-19T23:52:28","date_gmt":"2024-02-19T23:52:28","guid":{"rendered":"https:\/\/www.weritas.se\/?page_id=315"},"modified":"2024-12-10T17:45:40","modified_gmt":"2024-12-10T17:45:40","slug":"bokforing","status":"publish","type":"page","link":"https:\/\/www.weritas.se\/?page_id=315","title":{"rendered":"Bokf\u00f6ring"},"content":{"rendered":"<div id=\"tdi_1\" class=\"tdc-zone\"><div class=\"tdc_zone tdi_2  wpb_row td-pb-row\"  >\n<style scoped>\n\/* custom css - generated by TagDiv Composer *\/\n\n\/* custom css - generated by TagDiv Composer *\/\n.tdi_2{\r\n                    min-height: 0;\r\n                }\n<\/style><div id=\"tdi_3\" class=\"tdc-row stretch_row_1200 td-stretch-content\"><div class=\"vc_row tdi_4  wpb_row td-pb-row\" >\n<style scoped>\n\/* custom css - generated by TagDiv Composer *\/\n\n\/* custom css - generated by TagDiv Composer *\/\n.tdi_4,\r\n                .tdi_4 .tdc-columns{\r\n                    min-height: 0;\r\n                }.tdi_4,\r\n\t\t\t\t.tdi_4 .tdc-columns{\r\n\t\t\t\t    display: block;\r\n\t\t\t\t}.tdi_4 .tdc-columns{\r\n\t\t\t\t    width: 100%;\r\n\t\t\t\t}.tdi_4:before,\r\n\t\t\t\t.tdi_4:after{\r\n\t\t\t\t    display: table;\r\n\t\t\t\t}\n<\/style><div class=\"vc_column tdi_6  wpb_column vc_column_container tdc-column td-pb-span12\">\n<style scoped>\n\/* custom css - generated by TagDiv Composer *\/\n\n\/* custom css - generated by TagDiv Composer *\/\n.tdi_6{\r\n                    vertical-align: baseline;\r\n                }.tdi_6 > .wpb_wrapper,\r\n\t\t\t\t.tdi_6 > .wpb_wrapper > .tdc-elements{\r\n\t\t\t\t    display: block;\r\n\t\t\t\t}.tdi_6 > .wpb_wrapper > .tdc-elements{\r\n\t\t\t\t    width: 100%;\r\n\t\t\t\t}.tdi_6 > .wpb_wrapper > .vc_row_inner{\r\n\t\t\t\t    width: auto;\r\n\t\t\t\t}.tdi_6 > .wpb_wrapper{\r\n\t\t\t\t    width: auto;\r\n\t\t\t\t    height: auto;\r\n\t\t\t\t}\n<\/style><div class=\"wpb_wrapper\" ><div class=\"wpb_wrapper td_block_empty_space td_block_wrap vc_empty_space tdi_8 \"  style=\"height: 60px\"><\/div><div class=\"tdm_block td_block_wrap tdm_block_text_image tdi_9 td-animation-stack tdm-layout-12-12 tdm-content-horiz-left tdm-content-vert-center td-pb-border-top td_block_template_5\"  data-td-block-uid=\"tdi_9\" >\n<style>\n\/* custom css - generated by TagDiv Composer *\/\n.tdm_block_text_image .tdm-text-wrap{\r\n                  padding-top: 20px;\r\n                  padding-bottom: 20px;\r\n                }.tdm_block_text_image .tdm-descr{\r\n                  margin-bottom: 0;\r\n                }.tdm_block_text_image .tds-button{\r\n                  margin-top: 30px;\r\n                }@media (min-width: 767px) {\r\n                  .tdm_block_text_image.tdm-text-image-extend-img {\r\n                    margin-right: calc((-100vw + 100%) \/ 2);\r\n                  }\r\n                  .tdm_block_text_image.tdm-text-image-extend-img.tdm-flip-yes {\r\n                    margin-right: 0;\r\n                    margin-left: calc((-100vw + 100%) \/ 2);\r\n                  }\r\n                  .tdm_block_text_image.tdm-text-image-extend-img.tdm-flip-yes .tdm-col-img {\r\n                    text-align: right;\r\n                  }\r\n                }@media (max-width: 767px) {\r\n                  .tdm_block_text_image .tdm-col-img {\r\n                    margin-top: 36px;\r\n                  }\r\n                  .tdm_block_text_image.tdm-flip-yes .tdm-col-img {\r\n                    margin-top: 0;\r\n                    margin-bottom: 15px;\r\n                  }\r\n                }\n<\/style><div class=\"td-block-width tdm-fix-full\"><div class=\"td-block-row tdm-row\"><div class=\"td-block-span6 tdm-col\"><div class=\"tdm-text-wrap tdm-text-padding\"><div class=\"tds-title tds-title1 td-fix-index tdi_10 \"><h3 class=\"tdm-title tdm-title-md\">Bokf\u00f6ring<\/h3><\/div><p class=\"tdm-descr td-fix-index\">Redovisningskonsultens arbetsuppgifter g\u00e5r ut p\u00e5 att hj\u00e4lpa\nditt\nf\u00f6retag med ekonomin. Dels genom att praktiskt utf\u00f6ra exempelvis\nbokslut och redovisning, dels genom r\u00e5dgivning i fr\u00e5gor som\nskatteavdrag, vilken l\u00f6n du b\u00f6r ta ut och n\u00e4r det \u00e4r l\u00e4ge att\ng\u00e5\nfr\u00e5n enskild firma till aktiebolag.\nDet handlar allts\u00e5 om att du f\u00e5r praktiskt, handfast st\u00f6d i\nstora\noch sm\u00e5 ekonomiska fr\u00e5gor. Det \u00e4r just redovisningskonsulter du\nf\u00e5r hj\u00e4lp av n\u00e4r du anlitar Weritas f\u00f6r att sk\u00f6ta din\nbokf\u00f6ring.\n<br><br>Vanliga arbetsuppgifter<br>\n* Skapa bokslut och \u00e5rsredovisningar<br>\n* Ber\u00e4kna utdelning<br>\n* Hantera fl\u00f6den i system, som leverant\u00f6rsfakturor.<br>\n* Bokf\u00f6ra och redovisa perioder<br>\n* Rapportering till Skatteverket och <br>uppdragsgivare som dig<br>\n* M\u00f6ten med uppdragsgivare som dig, digitalt eller p\u00e5 plats<br>\n* Svara p\u00e5 telefonsamtal och mail med fr\u00e5gor<br>\n* R\u00e5dgivning<br>\n* Hantering av bokf\u00f6ringssystem och st\u00f6d till uppdragsgivare\n<br><br>Allt b\u00f6rjar med ett konsulterande m\u00f6te f\u00f6r att ta fram en\nbehovsanalys.\nVi erbjuder alltid 30 minuters fri konsultation!\n<\/p>\n<style>\n\/* custom css - generated by TagDiv Composer *\/\n.tdi_11 .tdm-btn-icon:last-child{\r\n\t\t\t\t\tmargin-left: 14px;\r\n\t\t\t\t}\n<\/style><div class=\"tds-button td-fix-index\"><a \r\n                href=\"https:\/\/www.weritas.se\/contact\/\" \r\n                 title=\"Kontakta oss \"\r\n                class=\"tds-button1 tdm-btn tdm-btn-lg tdi_11 \" ><span class=\"tdm-btn-text\">Kontakta oss <\/span><i class=\"tdm-btn-icon tdc-font-fa tdc-font-fa-chevron-right\"><\/i><\/a><\/div><\/div><\/div><div class=\"td-block-span6 tdm-col tdm-col-img\"><img class=\"tdm-image td-fix-index td-lazy-img\" data-type=\"image_tag\" data-img-url=\"https:\/\/www.weritas.se\/wp-content\/uploads\/2024\/12\/IMG_0224.jpg\"  title=\"IMG_0224\" width=\"1620\" height=\"950\"><\/div><\/div><\/div><\/div><\/div><\/div><\/div><\/div><div id=\"tdi_12\" class=\"tdc-row\"><div class=\"vc_row tdi_13  wpb_row td-pb-row\" >\n<style scoped>\n\/* custom css - generated by TagDiv Composer *\/\n\n\/* custom css - generated by TagDiv Composer *\/\n.tdi_13,\r\n                .tdi_13 .tdc-columns{\r\n                    min-height: 0;\r\n                }.tdi_13,\r\n\t\t\t\t.tdi_13 .tdc-columns{\r\n\t\t\t\t    display: block;\r\n\t\t\t\t}.tdi_13 .tdc-columns{\r\n\t\t\t\t    width: 100%;\r\n\t\t\t\t}.tdi_13:before,\r\n\t\t\t\t.tdi_13:after{\r\n\t\t\t\t    display: table;\r\n\t\t\t\t}\n\/* inline tdc_css att - generated by TagDiv Composer *\/\n\n.tdi_13{\nmargin-top:90px !important;\nmargin-bottom:60px !important;\n}\n\n.tdi_13 .td_block_wrap{ text-align:left }\n\n\/* landscape *\/\n@media (min-width: 1019px) and (max-width: 1140px)\n{\n.tdi_13{\nmargin-top:50px !important;\n}\n}\n\n\/* portrait *\/\n@media (min-width: 768px) and (max-width: 1018px)\n{\n.tdi_13{\nmargin-top:50px !important;\n}\n}\n\n\/* phone *\/\n@media (max-width: 767px)\n{\n.tdi_13{\nmargin-top:50px !important;\n}\n}\n\n<\/style><div class=\"vc_column tdi_15  wpb_column vc_column_container tdc-column td-pb-span12\">\n<style scoped>\n\/* custom css - generated by TagDiv Composer *\/\n\n\/* custom css - generated by TagDiv Composer *\/\n.tdi_15{\r\n                    vertical-align: baseline;\r\n                }.tdi_15 > .wpb_wrapper,\r\n\t\t\t\t.tdi_15 > .wpb_wrapper > .tdc-elements{\r\n\t\t\t\t    display: block;\r\n\t\t\t\t}.tdi_15 > .wpb_wrapper > .tdc-elements{\r\n\t\t\t\t    width: 100%;\r\n\t\t\t\t}.tdi_15 > .wpb_wrapper > .vc_row_inner{\r\n\t\t\t\t    width: auto;\r\n\t\t\t\t}.tdi_15 > .wpb_wrapper{\r\n\t\t\t\t    width: auto;\r\n\t\t\t\t    height: auto;\r\n\t\t\t\t}\n<\/style><div class=\"wpb_wrapper\" ><div class=\"tdm_block td_block_wrap tdm_block_column_title tdi_16 tdm-content-horiz-left td-pb-border-top td_block_template_5\"  data-td-block-uid=\"tdi_16\" >\n<style>\n\n\/* inline tdc_css att - generated by TagDiv Composer *\/\n\n.tdi_16{\nmargin-right:15% !important;\nmargin-bottom:40px !important;\nmargin-left:15% !important;\npadding-bottom:8px !important;\npadding-left:80px !important;\nborder-color:#f2f2f2 !important;\nwidth:auto !important;\nborder-style:solid !important;\nborder-width: 0px 0px 0px 1px !important;\n}\n\n\/* landscape *\/\n@media (min-width: 1019px) and (max-width: 1140px)\n{\n.tdi_16{\nmargin-right:8% !important;\nmargin-bottom:10px !important;\nmargin-left:8% !important;\npadding-left:60px !important;\n}\n}\n\n\/* portrait *\/\n@media (min-width: 768px) and (max-width: 1018px)\n{\n.tdi_16{\nmargin-right:8% !important;\nmargin-bottom:0px !important;\nmargin-left:8% !important;\npadding-left:40px !important;\n}\n}\n\n\/* phone *\/\n@media (max-width: 767px)\n{\n.tdi_16{\nmargin-right:0px !important;\nmargin-bottom:0px !important;\nmargin-left:0px !important;\npadding-left:40px !important;\n}\n}\n\n<\/style>\n<style>\n\/* custom css - generated by TagDiv Composer *\/\n.tdm_block_column_title{\r\n                  margin-bottom: 0;\r\n                  display: inline-block;\r\n                  width: 100%;\r\n                }\n<\/style><div class=\"td-block-row\"><div class=\"td-block-span12 tdm-col\">\n<style>\n\/* custom css - generated by TagDiv Composer *\/\nbody .tdi_17 .tdm-title{\r\n\t\t\t\t\tcolor: #aaaaaa;\r\n\t\t\t\t}.tdi_17 .tdm-title{\r\n\t\t\t\t\tfont-family:Roboto !important;font-size:17px !important;line-height:30px !important;font-weight:400 !important;\r\n\t\t\t\t}\n\n\/* portrait *\/\n@media (min-width: 768px) and (max-width: 1018px){\n.tdi_17 .tdm-title{\r\n\t\t\t\t\tfont-size:15px !important;line-height:24px !important;\r\n\t\t\t\t}\n}\n\n\/* phone *\/\n@media (max-width: 767px){\n.tdi_17 .tdm-title{\r\n\t\t\t\t\tfont-size:14px !important;line-height:24px !important;\r\n\t\t\t\t}\n}\n<\/style><div class=\"tds-title tds-title1 td-fix-index tdi_17 \"><h4 class=\"tdm-title tdm-title-sm\"><\/h4><\/div><\/div><\/div><\/div><\/div><\/div><\/div><\/div><\/div><\/div>","protected":false},"excerpt":{"rendered":"","protected":false},"author":1,"featured_media":0,"parent":0,"menu_order":0,"comment_status":"closed","ping_status":"closed","template":"","meta":{"footnotes":""},"class_list":["post-315","page","type-page","status-publish"],"_links":{"self":[{"href":"https:\/\/www.weritas.se\/index.php?rest_route=\/wp\/v2\/pages\/315","targetHints":{"allow":["GET"]}}],"collection":[{"href":"https:\/\/www.weritas.se\/index.php?rest_route=\/wp\/v2\/pages"}],"about":[{"href":"https:\/\/www.weritas.se\/index.php?rest_route=\/wp\/v2\/types\/page"}],"author":[{"embeddable":true,"href":"https:\/\/www.weritas.se\/index.php?rest_route=\/wp\/v2\/users\/1"}],"replies":[{"embeddable":true,"href":"https:\/\/www.weritas.se\/index.php?rest_route=%2Fwp%2Fv2%2Fcomments&post=315"}],"version-history":[{"count":5,"href":"https:\/\/www.weritas.se\/index.php?rest_route=\/wp\/v2\/pages\/315\/revisions"}],"predecessor-version":[{"id":503,"href":"https:\/\/www.weritas.se\/index.php?rest_route=\/wp\/v2\/pages\/315\/revisions\/503"}],"wp:attachment":[{"href":"https:\/\/www.weritas.se\/index.php?rest_route=%2Fwp%2Fv2%2Fmedia&parent=315"}],"curies":[{"name":"wp","href":"https:\/\/api.w.org\/{rel}","templated":true}]}}