{"id":43,"date":"2024-02-12T06:37:11","date_gmt":"2024-02-12T06:37:11","guid":{"rendered":"http:\/\/tdi_2_c99"},"modified":"2024-02-13T22:48:50","modified_gmt":"2024-02-13T22:48:50","slug":"about","status":"publish","type":"page","link":"https:\/\/www.weritas.se\/?page_id=43","title":{"rendered":"About"},"content":{"rendered":"<div id=\"tdi_1\" class=\"tdc-zone\"><div class=\"tdc_zone tdi_2  wpb_row td-pb-row\"  >\n<style scoped>\n\/* custom css - generated by TagDiv Composer *\/\n\n\/* custom css - generated by TagDiv Composer *\/\n.tdi_2{\r\n                    min-height: 0;\r\n                }\n<\/style><div id=\"tdi_3\" class=\"tdc-row stretch_row_1200 td-stretch-content\"><div class=\"vc_row tdi_4  wpb_row td-pb-row tdc-element-style\" >\n<style scoped>\n\/* custom css - generated by TagDiv Composer *\/\n\n\/* custom css - generated by TagDiv Composer *\/\n.tdi_4,\r\n                .tdi_4 .tdc-columns{\r\n                    min-height: 0;\r\n                }.tdi_4,\r\n\t\t\t\t.tdi_4 .tdc-columns{\r\n\t\t\t\t    display: block;\r\n\t\t\t\t}.tdi_4 .tdc-columns{\r\n\t\t\t\t    width: 100%;\r\n\t\t\t\t}.tdi_4:before,\r\n\t\t\t\t.tdi_4:after{\r\n\t\t\t\t    display: table;\r\n\t\t\t\t}\n\/* inline tdc_css att - generated by TagDiv Composer *\/\n\n.tdi_4{\npadding-top:260px !important;\npadding-right:10% !important;\npadding-bottom:280px !important;\npadding-left:10% !important;\nposition:relative;\n}\n\n.tdi_4 .td_block_wrap{ text-align:left }\n\n\/* landscape *\/\n@media (min-width: 1019px) and (max-width: 1140px)\n{\n.tdi_4{\npadding-top:160px !important;\npadding-bottom:180px !important;\n}\n}\n\n\/* portrait *\/\n@media (min-width: 768px) and (max-width: 1018px)\n{\n.tdi_4{\npadding-top:160px !important;\npadding-bottom:180px !important;\n}\n}\n\n\/* phone *\/\n@media (max-width: 767px)\n{\n.tdi_4{\npadding-top:120px !important;\npadding-right:10px !important;\npadding-bottom:80px !important;\npadding-left:10px !important;\n}\n}\n\n<\/style>\n<div class=\"tdi_3_rand_style td-element-style\" ><div class=\"td-element-style-before\"><style>\n\/* custom css - generated by TagDiv Composer *\/\n\n.tdi_3_rand_style > .td-element-style-before {\ncontent:'' !important;\nwidth:100% !important;\nheight:100% !important;\nposition:absolute !important;\ntop:0 !important;\nleft:0 !important;\ndisplay:block !important;\nz-index:0 !important;\nbackground-image:url(\"https:\/\/vikensmedia.se\/weritas2024\/wp-content\/uploads\/2024\/02\/happy-scaled.jpg\") !important;\nbackground-position:center center !important;\nbackground-size:cover !important;\n}\n<\/style><\/div><style>\n\/* custom css - generated by TagDiv Composer *\/\n \n.tdi_3_rand_style::after {\ncontent:'' !important;\nwidth:100% !important;\nheight:100% !important;\nposition:absolute !important;\ntop:0 !important;\nleft:0 !important;\nz-index:0 !important;\ndisplay:block !important;\nbackground: linear-gradient(rgba(0,0,0,0.6), rgba(0,0,0,0.7)) !important;\n}\n<\/style><\/div><div class=\"vc_column tdi_6  wpb_column vc_column_container tdc-column td-pb-span12\">\n<style scoped>\n\/* custom css - generated by TagDiv Composer *\/\n\n\/* custom css - generated by TagDiv Composer *\/\n.tdi_6{\r\n                    vertical-align: baseline;\r\n                }.tdi_6 > .wpb_wrapper,\r\n\t\t\t\t.tdi_6 > .wpb_wrapper > .tdc-elements{\r\n\t\t\t\t    display: block;\r\n\t\t\t\t}.tdi_6 > .wpb_wrapper > .tdc-elements{\r\n\t\t\t\t    width: 100%;\r\n\t\t\t\t}.tdi_6 > .wpb_wrapper > .vc_row_inner{\r\n\t\t\t\t    width: auto;\r\n\t\t\t\t}.tdi_6 > .wpb_wrapper{\r\n\t\t\t\t    width: auto;\r\n\t\t\t\t    height: auto;\r\n\t\t\t\t}\n<\/style><div class=\"wpb_wrapper\" ><div class=\"tdm_block td_block_wrap tdm_block_column_title tdi_7 tdm-content-horiz-center td-pb-border-top td_block_template_5\"  data-td-block-uid=\"tdi_7\" >\n<style>\n\/* custom css - generated by TagDiv Composer *\/\n.tdm_block_column_title{\r\n                  margin-bottom: 0;\r\n                  display: inline-block;\r\n                  width: 100%;\r\n                }\n<\/style><div class=\"td-block-row\"><div class=\"td-block-span12 tdm-col\">\n<style>\n\/* custom css - generated by TagDiv Composer *\/\n.tdi_8 .tdm-title{\r\n\t\t\t\t\tcolor: #ffffff;\r\n\t\t\t\t}.tdi_8 .tdm-title-line{\r\n\t\t\t\t\twidth: 100px;\r\n\t\t\t\t\r\n\t\t\t\t\theight: 29px;\r\n\t\t\t\t}.tdi_8:hover .tdm-title-line,\r\n\t\t\t\tbody .tds_icon_box5_wrap:hover .tdi_8 .tdm-title-line{\r\n\t\t\t\t\twidth: 120px;\r\n\t\t\t\t}.tdi_8 .tdm-title-line:after{\r\n\t\t\t\t\theight: 2px;\r\n\t\t\t\t\r\n\t\t\t\t\tbottom: 0%;\r\n\t\t\t\t}\n<\/style><div class=\"tds-title tds-title2 td-fix-index tdi_8 \"><h3 class=\"tdm-title tdm-title-bg\">Om oss <\/h3><div class=\"tdm-title-line\"><\/div><\/div><\/div><\/div><\/div><div class=\"tdm_block td_block_wrap tdm_block_column_title tdi_9 tdm-content-horiz-center td-pb-border-top td_block_template_5\"  data-td-block-uid=\"tdi_9\" >\n<style>\n\n\/* inline tdc_css att - generated by TagDiv Composer *\/\n\n.tdi_9{\nmargin-top:-10px !important;\nmargin-bottom:20px !important;\npadding-right:5% !important;\npadding-left:5% !important;\n}\n\n\/* phone *\/\n@media (max-width: 767px)\n{\n.tdi_9{\npadding-right:20px !important;\npadding-left:20px !important;\n}\n}\n\n<\/style><div class=\"td-block-row\"><div class=\"td-block-span12 tdm-col\">\n<style>\n\/* custom css - generated by TagDiv Composer *\/\nbody .tdi_10 .tdm-title{\r\n\t\t\t\t\tcolor: #ffffff;\r\n\t\t\t\t}\n<\/style><div class=\"tds-title tds-title1 td-fix-index tdi_10 \"><h3 class=\"tdm-title tdm-title-sm\">Uppt\u00e4ck hur Weritas har f\u00f6r\u00e4ndrat spelplanen f\u00f6r sm\u00e5 och medelstora f\u00f6retag sedan 2014 genom att erbjuda skr\u00e4ddarsydda ekonomitj\u00e4nster som maximerar tillv\u00e4xtpotentialen. Med fokus p\u00e5 innovation och kundtillfredsst\u00e4llelse \u00e4r vi stolta \u00f6ver att vara din p\u00e5litliga partner f\u00f6r framg\u00e5ng i aff\u00e4rsv\u00e4rlden.<\/h3><\/div><\/div><\/div><\/div><\/div><\/div><\/div><\/div><div id=\"tdi_11\" class=\"tdc-row\"><div class=\"vc_row tdi_12  wpb_row td-pb-row\" >\n<style scoped>\n\/* custom css - generated by TagDiv Composer *\/\n\n\/* custom css - generated by TagDiv Composer *\/\n.tdi_12,\r\n                .tdi_12 .tdc-columns{\r\n                    min-height: 0;\r\n                }.tdi_12,\r\n\t\t\t\t.tdi_12 .tdc-columns{\r\n\t\t\t\t    display: block;\r\n\t\t\t\t}.tdi_12 .tdc-columns{\r\n\t\t\t\t    width: 100%;\r\n\t\t\t\t}.tdi_12:before,\r\n\t\t\t\t.tdi_12:after{\r\n\t\t\t\t    display: table;\r\n\t\t\t\t}\n\/* inline tdc_css att - generated by TagDiv Composer *\/\n\n.tdi_12{\nmargin-top:100px !important;\n}\n\n.tdi_12 .td_block_wrap{ text-align:left }\n\n\/* landscape *\/\n@media (min-width: 1019px) and (max-width: 1140px)\n{\n.tdi_12{\nmargin-top:50px !important;\n}\n}\n\n\/* portrait *\/\n@media (min-width: 768px) and (max-width: 1018px)\n{\n.tdi_12{\nmargin-top:50px !important;\n}\n}\n\n\/* phone *\/\n@media (max-width: 767px)\n{\n.tdi_12{\nmargin-top:50px !important;\n}\n}\n\n<\/style><div class=\"vc_column tdi_14  wpb_column vc_column_container tdc-column td-pb-span12\">\n<style scoped>\n\/* custom css - generated by TagDiv Composer *\/\n\n\/* custom css - generated by TagDiv Composer *\/\n.tdi_14{\r\n                    vertical-align: baseline;\r\n                }.tdi_14 > .wpb_wrapper,\r\n\t\t\t\t.tdi_14 > .wpb_wrapper > .tdc-elements{\r\n\t\t\t\t    display: block;\r\n\t\t\t\t}.tdi_14 > .wpb_wrapper > .tdc-elements{\r\n\t\t\t\t    width: 100%;\r\n\t\t\t\t}.tdi_14 > .wpb_wrapper > .vc_row_inner{\r\n\t\t\t\t    width: auto;\r\n\t\t\t\t}.tdi_14 > .wpb_wrapper{\r\n\t\t\t\t    width: auto;\r\n\t\t\t\t    height: auto;\r\n\t\t\t\t}\n<\/style><div class=\"wpb_wrapper\" ><div class=\"tdm_block td_block_wrap tdm_block_column_title tdi_15 tdm-content-horiz-center td-pb-border-top td_block_template_5\"  data-td-block-uid=\"tdi_15\" >\n<style>\n\n\/* inline tdc_css att - generated by TagDiv Composer *\/\n\n.tdi_15{\nmargin-bottom:10px !important;\n}\n\n\/* landscape *\/\n@media (min-width: 1019px) and (max-width: 1140px)\n{\n.tdi_15{\nmargin-bottom:0px !important;\n}\n}\n\n\/* portrait *\/\n@media (min-width: 768px) and (max-width: 1018px)\n{\n.tdi_15{\nmargin-bottom:-10px !important;\n}\n}\n\n\/* phone *\/\n@media (max-width: 767px)\n{\n.tdi_15{\nmargin-bottom:-10px !important;\n}\n}\n\n<\/style><div class=\"td-block-row\"><div class=\"td-block-span12 tdm-col\">\n<style>\n\/* custom css - generated by TagDiv Composer *\/\n.tdi_16 .tdm-title-line{\r\n\t\t\t\t\twidth: 120px;\r\n\t\t\t\t\r\n\t\t\t\t\theight: 20px;\r\n\t\t\t\t}.tdi_16 .tdm-title-line:after{\r\n\t\t\t\t\theight: 0px;\r\n\t\t\t\t\r\n\t\t\t\t\tbottom: 0%;\r\n\t\t\t\t}.tdi_16 .tdm-title-sub{\r\n\t\t\t\t\tmargin-bottom: 12px;\r\n\t\t\t\t}\n<\/style><div class=\"tds-title tds-title3  td-fix-index tdi_16 \"><h3 class=\"tdm-title tdm-title-bg\">Weritas - 2024<\/h3><div class=\"tdm-title-line\"><\/div><div class=\"tdm-title-sub\"><\/div><\/div><\/div><\/div><\/div><div class=\"tdm_block td_block_wrap tdm_block_column_title tdi_17 tdm-content-horiz-left td-pb-border-top td_block_template_5\"  data-td-block-uid=\"tdi_17\" >\n<style>\n\n\/* inline tdc_css att - generated by TagDiv Composer *\/\n\n.tdi_17{\nmargin-top:-10px !important;\nmargin-bottom:20px !important;\npadding-right:15% !important;\npadding-left:15% !important;\n}\n\n\/* landscape *\/\n@media (min-width: 1019px) and (max-width: 1140px)\n{\n.tdi_17{\npadding-right:8% !important;\npadding-left:8% !important;\n}\n}\n\n\/* portrait *\/\n@media (min-width: 768px) and (max-width: 1018px)\n{\n.tdi_17{\npadding-right:8% !important;\npadding-left:8% !important;\n}\n}\n\n\/* phone *\/\n@media (max-width: 767px)\n{\n.tdi_17{\nmargin-bottom:20px !important;\npadding-right:0px !important;\npadding-left:0px !important;\n}\n}\n\n<\/style><div class=\"td-block-row\"><div class=\"td-block-span12 tdm-col\">\n<style>\n\/* custom css - generated by TagDiv Composer *\/\nbody .tdi_18 .tdm-title{\r\n\t\t\t\t\tcolor: #333333;\r\n\t\t\t\t}\n<\/style><div class=\"tds-title tds-title1 td-fix-index tdi_18 \"><h3 class=\"tdm-title tdm-title-sm\">Weritas, grundat 2014 som en traditionell ekonomibyr\u00e5 f\u00f6r sm\u00e5 och medelstora f\u00f6retag, verksamheten har med tiden genomg\u00e5tt en betydande utveckling och ut\u00f6kat sitt tj\u00e4nsteutbud i enlighet med marknadens behov och teknologiska framsteg. F\u00f6retaget har anpassat sig till nya trender och teknologier inom branschen f\u00f6r ekonomi och juridik f\u00f6r att kunna erbjuda sina kunder en mer omfattande och effektiv service.<\/h3><\/div><\/div><\/div><\/div><\/div><\/div><\/div><\/div><div id=\"tdi_19\" class=\"tdc-row\"><div class=\"vc_row tdi_20  wpb_row td-pb-row\" >\n<style scoped>\n\/* custom css - generated by TagDiv Composer *\/\n\n\/* custom css - generated by TagDiv Composer *\/\n.tdi_20,\r\n                .tdi_20 .tdc-columns{\r\n                    min-height: 0;\r\n                }.tdi_20,\r\n\t\t\t\t.tdi_20 .tdc-columns{\r\n\t\t\t\t    display: block;\r\n\t\t\t\t}.tdi_20 .tdc-columns{\r\n\t\t\t\t    width: 100%;\r\n\t\t\t\t}.tdi_20:before,\r\n\t\t\t\t.tdi_20:after{\r\n\t\t\t\t    display: table;\r\n\t\t\t\t}\n<\/style><div class=\"vc_column tdi_22  wpb_column vc_column_container tdc-column td-pb-span12\">\n<style scoped>\n\/* custom css - generated by TagDiv Composer *\/\n\n\/* custom css - generated by TagDiv Composer *\/\n.tdi_22{\r\n                    vertical-align: baseline;\r\n                }.tdi_22 > .wpb_wrapper,\r\n\t\t\t\t.tdi_22 > .wpb_wrapper > .tdc-elements{\r\n\t\t\t\t    display: block;\r\n\t\t\t\t}.tdi_22 > .wpb_wrapper > .tdc-elements{\r\n\t\t\t\t    width: 100%;\r\n\t\t\t\t}.tdi_22 > .wpb_wrapper > .vc_row_inner{\r\n\t\t\t\t    width: auto;\r\n\t\t\t\t}.tdi_22 > .wpb_wrapper{\r\n\t\t\t\t    width: auto;\r\n\t\t\t\t    height: auto;\r\n\t\t\t\t}\n<\/style><div class=\"wpb_wrapper\" ><div class=\"td_block_wrap td_block_image_box tdi_23 td-animation-stack td-pb-border-top td_block_template_5\"  data-td-block-uid=\"tdi_23\" >\n<style>\n\/* custom css - generated by TagDiv Composer *\/\n.td_block_image_box .td-custom{\r\n                  position: relative;\r\n                }.td_block_image_box .td-custom a:hover:after{\r\n                  opacity: 0.6;\r\n                }.td_block_image_box .td-custom-image a{\r\n                  display: block;\r\n                  background-size: cover;\r\n                  background-position: center;\r\n                }.td_block_image_box .td-custom-image a:before{\r\n                  content: '';\r\n                  width: 100%;\r\n                  height: 100%;\r\n                  opacity: 0.4;\r\n                  position: absolute;\r\n                  top: 0;\r\n                  left: 0;\r\n                  background-color: #000;\r\n                  -webkit-transition: all 0.3s ease 0s;\r\n                  transition: all 0.3s ease 0s;\r\n                }.td_block_image_box .td-custom-image a:after{\r\n                  content: '';\r\n                  border: 1px solid #fff;\r\n                  opacity: 0.3;\r\n                  position: absolute;\r\n                  top: 0;\r\n                  left: 0;\r\n                  bottom: 0;\r\n                  right: 0;\r\n                  margin: 10px;\r\n                  -webkit-transition: all 0.3s ease 0s;\r\n                  transition: all 0.3s ease 0s;\r\n                }.td_block_image_box .td-custom-image.td-no-img-custom-url a{\r\n                  pointer-events: none;\r\n                  cursor: default;\r\n                }.td_block_image_box .td-custom-image img{\r\n                  vertical-align: top;\r\n                }.td_block_image_box .td-custom-title{\r\n                  position: absolute;\r\n                  top: 50%;\r\n                  -webkit-transform: translateY(-50%);\r\n                  transform: translateY(-50%);\r\n                  display: table;\r\n                  text-align: center;\r\n                  width: 100%;\r\n                  padding: 10px 20px;\r\n                  pointer-events: none;\r\n                }.td_block_image_box .entry-title{\r\n                  margin: 0;\r\n                  padding: 0;\r\n                  font-size: 19px;\r\n                  text-transform: uppercase;\r\n                  font-weight: 500;\r\n                }.td_block_image_box .entry-title a{\r\n                  color: #fff;\r\n                }.td_block_image_box .entry-title:after{\r\n                  display: none;\r\n                }.td_block_image_box .td-image-box-row{\r\n                  margin: 0 -20px;\r\n                  *zoom: 1;\r\n                }.td_block_image_box .td-image-box-row:before,\r\n                .td_block_image_box .td-image-box-row:after{\r\n                  display: table;\r\n                  content: '';\r\n                  line-height: 0;\r\n                }.td_block_image_box .td-image-box-row:after{\r\n                  clear: both;\r\n                }.td_block_image_box .td-image-box-span{\r\n                  padding: 0 20px;\r\n                  float: left;\r\n                }.td_block_image_box .td-big-image .td-image-box-span{\r\n                  width: 100%;\r\n                }.td_block_image_box .td-big-image .td-custom-image a{\r\n                  height: 360px;\r\n                }.td_block_image_box .td-medium-image .td-image-box-span{\r\n                  width: 50%;\r\n                }.td_block_image_box .td-medium-image .td-custom-image a{\r\n                  height: 320px;\r\n                }.td_block_image_box .td-small-image .td-image-box-span{\r\n                  width: 33.33333333%;\r\n                }.td_block_image_box .td-small-image .td-custom-image a{\r\n                  height: 220px;\r\n                }.td_block_image_box .td-tiny-image .td-image-box-span{\r\n                  width: 25%;\r\n                }.td_block_image_box .td-tiny-image .td-custom-image a{\r\n                  height: 160px;\r\n                }.td_block_image_box .td-tiny-image .td-custom-image a:after{\r\n                  margin: 8px;\r\n                }.td_block_image_box .td-tiny-image .entry-title{\r\n                  font-size: 12px;\r\n                }.td_block_image_box.td-box-vertical .td-image-box-row{\r\n                  margin-left: 0 !important;\r\n                  margin-right: 0 !important;\r\n                }.td_block_image_box.td-box-vertical .td-image-box-span{\r\n                  float: none;\r\n                  width: 100%;\r\n                  padding-left: 0 !important;\r\n                  padding-right: 0 !important;\r\n                  margin-bottom: 5px;\r\n                }.td_block_image_box.td-box-vertical .td-image-box-span a:after{\r\n                  margin: 8px;\r\n                }.td_block_image_box.td-box-vertical .td-image-box-span:last-child{\r\n                  margin-bottom: 0 !important;\r\n                }.td_block_image_box.td-box-vertical .entry-title{\r\n                  font-size: 15px;\r\n                }.td_block_image_box.td-image-box-top .td-custom-image a{\r\n                  background-position: top center;\r\n                }.td_block_image_box.td-image-box-bottom .td-custom-image a{\r\n                  background-position: bottom center;\r\n                }.td_block_image_box.td-image-box-style-2 .td-custom-image a:before,\r\n                .td_block_image_box.td-image-box-style-2 .td-custom-image a:after{\r\n                  display: none;\r\n                }.td_block_image_box.td-image-box-style-2 .entry-title{\r\n                  font-size: 15px;\r\n                }.td_block_image_box.td-image-box-style-2 .entry-title a{\r\n                  padding: 8px 16px;\r\n                  background-color: #fff;\r\n                  color: #000;\r\n                }.td_block_image_box.td-image-box-style-2 .entry-title a:empty{\r\n                  display: none;\r\n                }@media (max-width: 767px) {\r\n                  .td_block_image_box .td-custom {\r\n                    margin: 0 -20px;\r\n                  }\r\n                  .td_block_image_box .td-custom-image a {\r\n                    margin-bottom: 5px;\r\n                  }\r\n                  .td_block_image_box .td-image-box-row {\r\n                    margin: 0 -20px;\r\n                  }\r\n                  .td_block_image_box .td-image-box-span {\r\n                    width: 100% !important;\r\n                    float: none;\r\n                    padding: 0 10px;\r\n                  }\r\n                  .td_block_image_box .td-big-image .td-custom-image a,\r\n                  .td_block_image_box .td-medium-image .td-custom-image a,\r\n                  .td_block_image_box .td-small-image .td-custom-image a {\r\n                    height: 160px;\r\n                  }\r\n                  .td_block_image_box .entry-title,\r\n                  .td_block_image_box .td-tiny-image .entry-title {\r\n                    font-size: 16px;\r\n                  }\r\n                }\n<\/style><div class=\"td-block-title-wrap\"><\/div><div class=\"td-image-box-row td-small-image\"><div class=\"td-image-box-span\"><div class=\"td-custom\"><div class=\"td-custom-image td-no-img-custom-url\"><a class=\"td-lazy-img\"  data-type=\"css_image\" data-img-url=\"https:\/\/www.weritas.se\/wp-content\/uploads\/2024\/02\/a3-img-1.png\" href=\"#\"  title=\"a3-img-1\"><\/a><\/div><\/div><\/div><div class=\"td-image-box-span\"><div class=\"td-custom\"><div class=\"td-custom-image td-no-img-custom-url\"><a class=\"td-lazy-img\"  data-type=\"css_image\" data-img-url=\"https:\/\/www.weritas.se\/wp-content\/uploads\/2024\/02\/b2-img-3.webp\" href=\"#\"  title=\"b2-img-3\"><\/a><\/div><\/div><\/div><div class=\"td-image-box-span\"><div class=\"td-custom\"><div class=\"td-custom-image td-no-img-custom-url\"><a class=\"td-lazy-img\"  data-type=\"css_image\" data-img-url=\"https:\/\/www.weritas.se\/wp-content\/uploads\/2024\/02\/VTKJNY3.jpg\" href=\"#\"  title=\"VTKJNY3\"><\/a><\/div><\/div><\/div><\/div><\/div><\/div><\/div><\/div><\/div><div id=\"tdi_24\" class=\"tdc-row stretch_row\"><div class=\"vc_row tdi_25  wpb_row td-pb-row\" >\n<style scoped>\n\/* custom css - generated by TagDiv Composer *\/\n\n\/* custom css - generated by TagDiv Composer *\/\n.tdi_25,\r\n                .tdi_25 .tdc-columns{\r\n                    min-height: 0;\r\n                }.tdi_25,\r\n\t\t\t\t.tdi_25 .tdc-columns{\r\n\t\t\t\t    display: block;\r\n\t\t\t\t}.tdi_25 .tdc-columns{\r\n\t\t\t\t    width: 100%;\r\n\t\t\t\t}.tdi_25:before,\r\n\t\t\t\t.tdi_25:after{\r\n\t\t\t\t    display: table;\r\n\t\t\t\t}\n<\/style><div class=\"vc_column tdi_27  wpb_column vc_column_container tdc-column td-pb-span12\">\n<style scoped>\n\/* custom css - generated by TagDiv Composer *\/\n\n\/* custom css - generated by TagDiv Composer *\/\n.tdi_27{\r\n                    vertical-align: baseline;\r\n                }.tdi_27 > .wpb_wrapper,\r\n\t\t\t\t.tdi_27 > .wpb_wrapper > .tdc-elements{\r\n\t\t\t\t    display: block;\r\n\t\t\t\t}.tdi_27 > .wpb_wrapper > .tdc-elements{\r\n\t\t\t\t    width: 100%;\r\n\t\t\t\t}.tdi_27 > .wpb_wrapper > .vc_row_inner{\r\n\t\t\t\t    width: auto;\r\n\t\t\t\t}.tdi_27 > .wpb_wrapper{\r\n\t\t\t\t    width: auto;\r\n\t\t\t\t    height: auto;\r\n\t\t\t\t}\n<\/style><div class=\"wpb_wrapper\" ><div class=\"tdm_block td_block_wrap tdm_block_column_title tdi_28 tdm-content-horiz-center td-pb-border-top td_block_template_5\"  data-td-block-uid=\"tdi_28\" >\n<style>\n\n\/* inline tdc_css att - generated by TagDiv Composer *\/\n\n.tdi_28{\nmargin-bottom:20px !important;\npadding-right:15% !important;\npadding-left:15% !important;\n}\n\n\/* landscape *\/\n@media (min-width: 1019px) and (max-width: 1140px)\n{\n.tdi_28{\nmargin-bottom:0px !important;\n}\n}\n\n\/* portrait *\/\n@media (min-width: 768px) and (max-width: 1018px)\n{\n.tdi_28{\nmargin-bottom:0px !important;\npadding-right:50px !important;\npadding-left:50px !important;\n}\n}\n\n\/* phone *\/\n@media (max-width: 767px)\n{\n.tdi_28{\nmargin-bottom:0px !important;\npadding-right:0px !important;\npadding-left:0px !important;\n}\n}\n\n<\/style><div class=\"td-block-row\"><div class=\"td-block-span12 tdm-col\">\n<style>\n\/* custom css - generated by TagDiv Composer *\/\nbody .tdi_29 .tdm-title{\r\n\t\t\t\t\tcolor: #333333;\r\n\t\t\t\t}\n<\/style><div class=\"tds-title tds-title1 td-fix-index tdi_29 \"><h4 class=\"tdm-title tdm-title-md\">Vill du jobba med oss!<\/h4><\/div><\/div><\/div><\/div><div class=\"tdm_block td_block_wrap tdm_block_button tdi_30 tdm-content-horiz-center td-pb-border-top td_block_template_5\"  data-td-block-uid=\"tdi_30\"     >\n<style>\n\n\/* inline tdc_css att - generated by TagDiv Composer *\/\n\n.tdi_30{\nmargin-bottom:100px !important;\n}\n\n\/* landscape *\/\n@media (min-width: 1019px) and (max-width: 1140px)\n{\n.tdi_30{\nmargin-bottom:50px !important;\n}\n}\n\n\/* portrait *\/\n@media (min-width: 768px) and (max-width: 1018px)\n{\n.tdi_30{\nmargin-bottom:80px !important;\n}\n}\n\n\/* phone *\/\n@media (max-width: 767px)\n{\n.tdi_30{\nmargin-bottom:60px !important;\n}\n}\n\n<\/style>\n<style>\n\/* custom css - generated by TagDiv Composer *\/\n.tdm_block.tdm_block_button{\r\n                  margin-bottom: 0;\r\n                }.tdm_block.tdm_block_button .tds-button{\r\n                  line-height: 0;\r\n                }.tdm_block.tdm_block_button.tdm-block-button-inline{\r\n                  display: inline-block;\r\n                }.tdm_block.tdm_block_button.tdm-block-button-full,\r\n                .tdm_block.tdm_block_button.tdm-block-button-full .tdm-btn{\r\n                  display: block;\r\n                }\n<\/style>\n<style>\n\/* custom css - generated by TagDiv Composer *\/\nbody .tdi_31:before{\r\n\t\t\t\t\tbackground-color: #fcd200;\r\n\t\t\t\t}.tdi_31 .tdm-btn-text,\r\n\t\t\t\t.tdi_31 i{\r\n\t\t\t\t\tcolor: #000000;\r\n\t\t\t\t}.tdi_31 svg{\r\n\t\t\t\t    fill: #000000;\r\n\t\t\t\t\r\n\t\t\t\t\twidth: 30px;\r\n                    height: auto;\r\n\t\t\t\t}.tdi_31 svg *{\r\n\t\t\t\t    fill: inherit;\r\n\t\t\t\t}\n<\/style><div class=\"tds-button td-fix-index\"><a \r\n                href=\"#\" \r\n                 title=\"Kontakta Oss\"\r\n                class=\"tds-button1 tdm-btn tdm-btn-lg tdi_31 \" ><span class=\"tdm-btn-text\">Kontakta Oss<\/span><\/a><\/div><\/div><\/div><\/div><\/div><\/div><\/div><\/div>","protected":false},"excerpt":{"rendered":"","protected":false},"author":1,"featured_media":0,"parent":0,"menu_order":0,"comment_status":"open","ping_status":"closed","template":"page-pagebuilder-overlay.php","meta":{"footnotes":""},"class_list":["post-43","page","type-page","status-publish"],"_links":{"self":[{"href":"https:\/\/www.weritas.se\/index.php?rest_route=\/wp\/v2\/pages\/43","targetHints":{"allow":["GET"]}}],"collection":[{"href":"https:\/\/www.weritas.se\/index.php?rest_route=\/wp\/v2\/pages"}],"about":[{"href":"https:\/\/www.weritas.se\/index.php?rest_route=\/wp\/v2\/types\/page"}],"author":[{"embeddable":true,"href":"https:\/\/www.weritas.se\/index.php?rest_route=\/wp\/v2\/users\/1"}],"replies":[{"embeddable":true,"href":"https:\/\/www.weritas.se\/index.php?rest_route=%2Fwp%2Fv2%2Fcomments&post=43"}],"version-history":[{"count":17,"href":"https:\/\/www.weritas.se\/index.php?rest_route=\/wp\/v2\/pages\/43\/revisions"}],"predecessor-version":[{"id":194,"href":"https:\/\/www.weritas.se\/index.php?rest_route=\/wp\/v2\/pages\/43\/revisions\/194"}],"wp:attachment":[{"href":"https:\/\/www.weritas.se\/index.php?rest_route=%2Fwp%2Fv2%2Fmedia&parent=43"}],"curies":[{"name":"wp","href":"https:\/\/api.w.org\/{rel}","templated":true}]}}